{"id":253220,"date":"2023-05-30T14:01:30","date_gmt":"2023-05-30T14:01:30","guid":{"rendered":"https:\/\/caniad.org.uk\/pwy-syn-ddefnyddiwr-gwasanaeth-caniad\/"},"modified":"2023-10-15T20:04:13","modified_gmt":"2023-10-15T20:04:13","slug":"pwy-syn-ddefnyddiwr-gwasanaeth-caniad","status":"publish","type":"page","link":"https:\/\/caniad.org.uk\/cy\/pwy-syn-ddefnyddiwr-gwasanaeth-caniad\/","title":{"rendered":"Pwy sy&#8217;n ddefnyddiwr gwasanaeth caniad"},"content":{"rendered":"<p>[et_pb_section fb_built=&#8221;1&#8243; _builder_version=&#8221;4.21.0&#8243; _module_preset=&#8221;default&#8221; background_color=&#8221;#efebf6&#8243; global_colors_info=&#8221;{}&#8221;][et_pb_row _builder_version=&#8221;4.21.0&#8243; _module_preset=&#8221;default&#8221; global_colors_info=&#8221;{}&#8221;][et_pb_column type=&#8221;4_4&#8243; _builder_version=&#8221;4.21.0&#8243; _module_preset=&#8221;default&#8221; global_colors_info=&#8221;{}&#8221;][et_pb_text _builder_version=&#8221;4.22.0&#8243; _module_preset=&#8221;default&#8221; global_colors_info=&#8221;{}&#8221;]<\/p>\n<h1 style=\"text-align: center;\"><span style=\"color: #595696;\"><strong>Pwy yw Defnyddiwr Gwasanaeth Caniad?<br \/><\/strong><\/span><\/h1>\n<p>[\/et_pb_text][\/et_pb_column][\/et_pb_row][\/et_pb_section][et_pb_section fb_built=&#8221;1&#8243; _builder_version=&#8221;4.22.0&#8243; _module_preset=&#8221;default&#8221; global_colors_info=&#8221;{}&#8221;][et_pb_row _builder_version=&#8221;4.22.0&#8243; _module_preset=&#8221;default&#8221; global_colors_info=&#8221;{}&#8221;][et_pb_column type=&#8221;4_4&#8243; _builder_version=&#8221;4.22.0&#8243; _module_preset=&#8221;default&#8221; global_colors_info=&#8221;{}&#8221;][et_pb_text _builder_version=&#8221;4.22.0&#8243; _module_preset=&#8221;default&#8221; global_colors_info=&#8221;{}&#8221;]<\/p>\n<p><span style=\"color: #000000;\">Yn Caniad, rydym yn ystyried unigolion sydd \u00e2 phrofiad byw yn gyfranwyr gwerthfawr.<\/span><\/p>\n<p><span style=\"color: #000000;\"> <\/span><\/p>\n<p><span style=\"color: #000000;\">Rydym yn cydnabod bod llywio amgylchiadau anodd yn aml yn dod \u00e2 dyfnder digyffelyb o ddealltwriaeth a doethineb. Mae persbectif unigryw gwasanaethau cymunedol yn rhoi lefel o fanylion i ni sy&#8217;n gallu ail-lunio sylfaen ein systemau cymorth. P&#8217;un a ydych wedi dod ar draws trafferthion iechyd meddwl, caethiwed brwydro, neu oresgyn rhwystrau, mae eich llwybr yn sylweddol, ac mae ganddo&#8217;r potensial i ysgogi, arwain a chodi&#8217;r rhai o&#8217;ch cwmpas.<\/span><\/p>\n<p><span style=\"color: #000000;\"> <\/span><\/p>\n<p><span style=\"color: #000000;\">Mae Caniad wedi&#8217;i adeiladu ar y gred bod llais pawb yn bwysig. Mae defnyddwyr gwasanaeth a gofalwyr ymroddedig yn chwarae rhan ganolog wrth ail-lunio dyfodol ein cymuned. Nid ydym yn ceisio cymryd rhan yn unig; Rydym yn eich gwahodd i fod yn rhan o brosiect sy&#8217;n grymuso, yn cefnogi ac yn sicrhau nad yw eich gorffennol yn eich diffinio, ond yn eich gyrru tuag at ddyfodol newydd, cadarnhaol.<\/span><\/p>\n<p><span style=\"color: #000000;\"> <\/span><\/p>\n<p><span style=\"color: #000000;\">Yn Caniad, rydym yn ymroddedig i greu llwyfan pwerus lle mae gweithwyr proffesiynol, gwasanaethau, gofalwyr a defnyddwyr gwasanaeth, yn dod at ei gilydd i danio newid cadarnhaol yn ein cymuned. Nid sefydliad yn unig ydym ni; Rydym yn gr\u0175p o unigolion brwdfrydig sydd wedi ymrwymo i gael effaith wirioneddol.<\/span><\/p>\n<p>[\/et_pb_text][\/et_pb_column][\/et_pb_row][\/et_pb_section][et_pb_section fb_built=&#8221;1&#8243; _builder_version=&#8221;4.22.0&#8243; _module_preset=&#8221;default&#8221; background_color=&#8221;#efebf6&#8243; global_colors_info=&#8221;{}&#8221;][et_pb_row _builder_version=&#8221;4.21.0&#8243; _module_preset=&#8221;default&#8221; locked=&#8221;off&#8221; global_colors_info=&#8221;{}&#8221;][et_pb_column type=&#8221;4_4&#8243; _builder_version=&#8221;4.21.0&#8243; _module_preset=&#8221;default&#8221; background_color=&#8221;#ffeaab&#8221; custom_padding=&#8221;30px|30px|30px|30px|true|true&#8221; border_radii=&#8221;on|10px|10px|10px|10px&#8221; border_width_all=&#8221;1px&#8221; box_shadow_style=&#8221;preset4&#8243; box_shadow_color=&#8221;#aa3d3c&#8221; global_colors_info=&#8221;{}&#8221;][et_pb_text _builder_version=&#8221;4.21.0&#8243; _module_preset=&#8221;default&#8221; inline_fonts=&#8221;ABeeZee&#8221; global_colors_info=&#8221;{}&#8221;]<\/p>\n<h3><strong><span style=\"font-size: 12pt; line-height: normal; font-family: ABeeZee;\"><span style=\"color: #000000;\"><span style=\"color: black !important;\">Gofalwyr:  <\/span><\/span><\/span><\/strong><span style=\"font-size: 12pt; line-height: normal; font-family: ABeeZee;\"><span style=\"color: #000000;\"><\/span><\/span><strong><span style=\"font-size: 12pt; line-height: normal; color: #000000;\"><\/span><\/strong><strong><span style=\"font-size: 12pt; line-height: normal; font-family: ABeeZee;\"><span style=\"color: #000000;\"><\/span><\/span><\/strong><\/h3>\n<p><strong><span style=\"font-size: 12pt; line-height: normal; font-family: ABeeZee;\"><\/span><\/strong><\/p>\n<p><span style=\"color: #000000;\">Gallai Cynnwys Caniad fod yn rhywun sydd wedi darparu gofal i unigolyn sy&#8217;n defnyddio gwasanaethau iechyd meddwl neu gamddefnyddio sylweddau. Gall hyn gynnwys aelodau o&#8217;r teulu neu ffrindiau. Efallai bod gofalwyr hefyd wedi ymgysylltu \u00e2 gwasanaethau fel Gwasanaethau Cymorth i Deuluoedd. Yn Caniad, mae llais gofalwr yr un mor arwyddocaol \u00e2 llais defnyddiwr y gwasanaeth.<\/span><\/p>\n<p><span style=\"font-size: small; line-height: normal; color: #000000;\"> <\/span><\/p>\n<p>[\/et_pb_text][\/et_pb_column][\/et_pb_row][et_pb_row _builder_version=&#8221;4.21.0&#8243; _module_preset=&#8221;default&#8221; locked=&#8221;off&#8221; global_colors_info=&#8221;{}&#8221;][et_pb_column type=&#8221;4_4&#8243; _builder_version=&#8221;4.21.0&#8243; _module_preset=&#8221;default&#8221; background_color=&#8221;#ffeaab&#8221; custom_padding=&#8221;30px|30px|30px|30px|true|true&#8221; border_radii=&#8221;on|10px|10px|10px|10px&#8221; border_width_all=&#8221;1px&#8221; box_shadow_style=&#8221;preset4&#8243; box_shadow_color=&#8221;#aa3d3c&#8221; global_colors_info=&#8221;{}&#8221;][et_pb_text _builder_version=&#8221;4.21.0&#8243; _module_preset=&#8221;default&#8221; inline_fonts=&#8221;ABeeZee&#8221; global_colors_info=&#8221;{}&#8221;]<\/p>\n<h3><strong><span style=\"font-size: 12pt; line-height: normal; font-family: ABeeZee;\"><span style=\"color: #000000;\"><span style=\"color: black !important;\">Defnyddiwr Gwasanaeth:  <\/span><\/span><\/span><\/strong><strong><span style=\"font-size: 12pt; line-height: normal; color: #000000;\"><\/span><\/strong><strong><span style=\"font-size: 12pt; line-height: normal; font-family: ABeeZee;\"><span style=\"color: #000000;\"><\/span><\/span><\/strong><\/h3>\n<p><strong><span style=\"font-size: 12pt; line-height: normal; font-family: ABeeZee;\"><\/span><\/strong><\/p>\n<p><span style=\"color: #000000;\">Mae Defnyddiwr Gwasanaeth Caniad yn rhywun sydd \u00e2 phrofiad uniongyrchol o wasanaethau cymunedol fel iechyd meddwl neu wasanaethau camddefnyddio sylweddau. Mae&#8217;r profiad byw hwn yn hanfodol ar gyfer gwella darpariaeth gwasanaethau gan ei fod yn cynnig cipolwg ar y bylchau a&#8217;r manylion y gellir eu deall trwy ymgysylltu personol yn unig.<\/span><\/p>\n<p><span style=\"font-size: small; line-height: normal; color: #000000;\"><span style=\"color: #000000; font-size: small;\"> <\/span><\/span><\/p>\n<p>[\/et_pb_text][\/et_pb_column][\/et_pb_row][et_pb_row _builder_version=&#8221;4.21.0&#8243; _module_preset=&#8221;default&#8221; locked=&#8221;off&#8221; global_colors_info=&#8221;{}&#8221;][et_pb_column type=&#8221;4_4&#8243; _builder_version=&#8221;4.21.0&#8243; _module_preset=&#8221;default&#8221; background_color=&#8221;#ffeaab&#8221; custom_padding=&#8221;30px|30px|30px|30px|true|true&#8221; border_radii=&#8221;on|10px|10px|10px|10px&#8221; border_width_all=&#8221;1px&#8221; box_shadow_style=&#8221;preset4&#8243; box_shadow_color=&#8221;#aa3d3c&#8221; global_colors_info=&#8221;{}&#8221;][et_pb_text _builder_version=&#8221;4.21.0&#8243; _module_preset=&#8221;default&#8221; inline_fonts=&#8221;ABeeZee&#8221; global_colors_info=&#8221;{}&#8221;]<\/p>\n<h3><strong><span style=\"font-size: 12pt; line-height: normal; font-family: ABeeZee;\"><span style=\"color: #000000;\"><span style=\"color: black !important;\">Cynnwys:  <\/span><\/span><\/span><\/strong><strong><span style=\"font-size: 12pt; line-height: normal; color: #000000;\"><\/span><\/strong><strong><span style=\"font-size: 12pt; line-height: normal; font-family: ABeeZee;\"><span style=\"color: #000000;\"><\/span><\/span><\/strong><\/h3>\n<p><strong><span style=\"font-size: 12pt; line-height: normal; font-family: ABeeZee;\"><\/span><\/strong><\/p>\n<p><span style=\"color: #000000;\">Mae Cynnwys Caniad yn cymryd rhan weithredol, mynychu cyfarfodydd llwybr, cynrychioli Caniad mewn digwyddiadau, a chymryd rhan mewn grwpiau ffocws. Yn ogystal, mae Caniad Involvers yn cael hyfforddiant mewn sgiliau pwyllgorau a VBI (Dangosyddion Seiliedig ar Werthoedd), gan wella eu gallu i gyfrannu&#8217;n effeithiol.<\/span><\/p>\n<p><span style=\"font-size: small; line-height: normal; color: #000000;\"><span style=\"color: #000000; font-size: small;\"><span style=\"line-height: normal;\"><\/span><br \/><\/span><\/span><\/p>\n<p>[\/et_pb_text][\/et_pb_column][\/et_pb_row][et_pb_row _builder_version=&#8221;4.21.0&#8243; _module_preset=&#8221;default&#8221; locked=&#8221;off&#8221; global_colors_info=&#8221;{}&#8221;][et_pb_column type=&#8221;4_4&#8243; _builder_version=&#8221;4.21.0&#8243; _module_preset=&#8221;default&#8221; background_color=&#8221;#ffeaab&#8221; custom_padding=&#8221;30px|30px|30px|30px|true|true&#8221; border_radii=&#8221;on|10px|10px|10px|10px&#8221; border_width_all=&#8221;1px&#8221; box_shadow_style=&#8221;preset4&#8243; box_shadow_color=&#8221;#aa3d3c&#8221; global_colors_info=&#8221;{}&#8221;][et_pb_text _builder_version=&#8221;4.22.0&#8243; _module_preset=&#8221;default&#8221; link_text_color=&#8221;#0C71C3&#8243; inline_fonts=&#8221;ABeeZee&#8221; global_colors_info=&#8221;{}&#8221;]<\/p>\n<h3><strong><span style=\"font-size: 12pt; line-height: normal; font-family: ABeeZee;\"><span style=\"color: #000000;\"><span style=\"color: black !important;\">Gwirfoddolwr:  <\/span><\/span><\/span><\/strong><\/h3>\n<p><strong><span style=\"font-size: 12pt; line-height: normal; font-family: ABeeZee;\"><\/span><\/strong><\/p>\n<p><span style=\"color: black !important;\"><span style=\"font-size: small;\"><\/span><\/span><\/p>\n<p><span style=\"color: #000000;\">Mae Caniad yn croesawu gwirfoddolwyr sy&#8217;n cyfrannu at ein gwasanaeth. I ymuno fel Gwirfoddolwr Caniad, estyn allan at Adferiad Gwirfoddoli yn <a href=\"mailto:volunteering@adferiad.org\" style=\"color: #000000;\">volunteering@adferiad.org<\/a>.<\/span><\/p>\n<p><span style=\"color: #000000;\">Mae eich cyfranogiad yn gwneud gwahaniaeth.<\/span><\/p>\n<p>[\/et_pb_text][\/et_pb_column][\/et_pb_row][\/et_pb_section][et_pb_section fb_built=&#8221;1&#8243; _builder_version=&#8221;4.22.0&#8243; _module_preset=&#8221;default&#8221; global_colors_info=&#8221;{}&#8221;][et_pb_row _builder_version=&#8221;4.22.0&#8243; _module_preset=&#8221;default&#8221; global_colors_info=&#8221;{}&#8221;][et_pb_column type=&#8221;4_4&#8243; _builder_version=&#8221;4.22.0&#8243; _module_preset=&#8221;default&#8221; global_colors_info=&#8221;{}&#8221;][et_pb_text _builder_version=&#8221;4.22.0&#8243; _module_preset=&#8221;default&#8221; locked=&#8221;off&#8221; global_colors_info=&#8221;{}&#8221;]<\/p>\n<h2 style=\"text-align: center;\"><span style=\"color: #595696;\"><strong>Troi profiad yn Effaith<br \/><\/strong><\/span><\/h2>\n<p>[\/et_pb_text][\/et_pb_column][\/et_pb_row][et_pb_row _builder_version=&#8221;4.22.0&#8243; _module_preset=&#8221;default&#8221; global_colors_info=&#8221;{}&#8221;][et_pb_column type=&#8221;4_4&#8243; _builder_version=&#8221;4.22.0&#8243; _module_preset=&#8221;default&#8221; global_colors_info=&#8221;{}&#8221;][et_pb_text _builder_version=&#8221;4.22.0&#8243; _module_preset=&#8221;default&#8221; global_colors_info=&#8221;{}&#8221;]<\/p>\n<p><span style=\"color: #000000;\">Rydym yn deall pwysigrwydd eich profiad byw mewn materion fel iechyd meddwl a dibyniaeth. Dyna pam mae Caniad wedi ymrwymo i ddarparu platfform unigryw, gan ganiat\u00e1u i unrhyw unigolyn sydd \u00e2 thaith bersonol i fynd ati i lunio a dylanwadu ar wasanaethau cymunedol. Gan gydweithio \u00e2 gweithwyr proffesiynol, meddygon ac arweinwyr prosiect, mae cynnwys yn helpu i yrru newidiadau trawsnewidiol sy&#8217;n cael effaith barhaol.<\/span><\/p>\n<p><span style=\"color: #000000;\"> <\/span><\/p>\n<p><span style=\"color: #000000;\">Yn Caniad, rydym wedi cael mewnwelediadau gwerthfawr o&#8217;r adborth a ddarparwyd gan yr Ymgysylltwyr ymroddedig sydd eisoes wedi cefnogi ein cenhadaeth. Mae&#8217;r mewnwelediadau hyn wedi datgelu them\u00e2u cylchol sy&#8217;n gwasanaethu fel pwyntiau cyffwrdd hanfodol ar gyfer ein cynnydd parhaus. Trwy fynd i&#8217;r afael \u00e2&#8217;r them\u00e2u cyffredin hyn, gallwn weithio gyda&#8217;n gilydd i oresgyn heriau a llunio system gymorth fwy effeithiol.<\/span><\/p>\n<p><span style=\"color: #000000;\"> <\/span><\/p>\n<p><span style=\"color: #000000;\">Dyma rai o&#8217;r heriau y mae unigolion yn y gymuned yn eu hwynebu &#8211;<\/span><\/p>\n<p><span style=\"color: #000000;\"> <\/span><\/p>\n<ul>\n<li><span style=\"color: #000000;\">Dod o hyd i gymorth: Wynebu ansicrwydd o ran nodi ffynonellau cymorth ac arweiniad.<\/span><\/li>\n<\/ul>\n<ul>\n<li><span style=\"color: #000000;\">Ceisio Cymorth: Deall pryd yw&#8217;r amser iawn i geisio cymorth a nodi trothwyon personol.<\/span><\/li>\n<\/ul>\n<ul>\n<li><span style=\"color: #000000;\">Cymorth Prydlon: Cydnabod arwyddoc\u00e2d ymatebion ac ymyriadau amserol i ddarparu&#8217;r cymorth angenrheidiol.<\/span><\/li>\n<\/ul>\n<ul>\n<li><span style=\"color: #000000;\">Teimlo&#8217;n flaenoriaethol: Goresgyn y teimlad o gael ei anwybyddu neu ei danbrisio, a sicrhau bod pob llais yn cael ei glywed a&#8217;i werthfawrogi.<\/span><\/li>\n<\/ul>\n<ul>\n<li><span style=\"color: #000000;\">Osgoi rhoi&#8217;r gorau iddi: Mynd i&#8217;r afael \u00e2 theimladau o esgeulustod yn ystod prosesau atgyfeirio estynedig, gan bwysleisio&#8217;r angen am gyfathrebu a chefnogaeth aml.<\/span><\/li>\n<\/ul>\n<p><span style=\"color: #000000;\"> <\/span><\/p>\n<p><span style=\"color: #000000;\">Gyda&#8217;n gilydd, gallwn adeiladu amgylchedd mwy ymatebol a chynhwysol lle nad yw&#8217;r them\u00e2u hyn bellach yn rhwystro unigolion yn eu taith tuag at lesiant.<\/span><\/p>\n<p>[\/et_pb_text][\/et_pb_column][\/et_pb_row][\/et_pb_section][et_pb_section fb_built=&#8221;1&#8243; _builder_version=&#8221;4.22.0&#8243; _module_preset=&#8221;default&#8221; background_color=&#8221;#efebf6&#8243; global_colors_info=&#8221;{}&#8221;][et_pb_row _builder_version=&#8221;4.22.0&#8243; _module_preset=&#8221;default&#8221; global_colors_info=&#8221;{}&#8221;][et_pb_column type=&#8221;4_4&#8243; _builder_version=&#8221;4.22.0&#8243; _module_preset=&#8221;default&#8221; global_colors_info=&#8221;{}&#8221;][et_pb_text _builder_version=&#8221;4.22.0&#8243; _module_preset=&#8221;default&#8221; locked=&#8221;off&#8221; global_colors_info=&#8221;{}&#8221;]<\/p>\n<h2 style=\"text-align: center;\"><span style=\"color: #595696;\"><strong>Ymunwch \u00e2 ni, Ffurfiwch ni<br \/><\/strong><\/span><\/h2>\n<p>[\/et_pb_text][et_pb_text _builder_version=&#8221;4.22.0&#8243; _module_preset=&#8221;default&#8221; global_colors_info=&#8221;{}&#8221;]<\/p>\n<p><span style=\"color: #000000;\">Mae ein cenhadaeth yn ymestyn y tu hwnt i gasglu adborth yn unig; Mae&#8217;n ymwneud \u00e2 defnyddio cryfderau unigolion i gyd-greu system gymorth sydd wir yn adlewyrchu anghenion y gymuned. Efallai bod y daith wedi bod yn wahanol i bob un ohonom, ond yn y pen draw rydyn ni i gyd eisiau cyrraedd yr un cyrchfan \u2013 cymdeithas lle mae pob llais yn bwysig, mae pob taith yn cael ei gwerthfawrogi a newid cadarnhaol yn realiti a rennir.<\/span><\/p>\n<p>[\/et_pb_text][\/et_pb_column][\/et_pb_row][\/et_pb_section][et_pb_section fb_built=&#8221;1&#8243; _builder_version=&#8221;4.22.0&#8243; _module_preset=&#8221;default&#8221; global_colors_info=&#8221;{}&#8221;][et_pb_row _builder_version=&#8221;4.22.0&#8243; _module_preset=&#8221;default&#8221; global_colors_info=&#8221;{}&#8221;][et_pb_column type=&#8221;4_4&#8243; _builder_version=&#8221;4.22.0&#8243; _module_preset=&#8221;default&#8221; global_colors_info=&#8221;{}&#8221;][et_pb_text _builder_version=&#8221;4.22.0&#8243; _module_preset=&#8221;default&#8221; global_colors_info=&#8221;{}&#8221;]<\/p>\n<p><span style=\"color: #000000;\">Ydych chi&#8217;n barod i fod yn ymglymwr, i danio newid, ac i adael effaith barhaol ar iechyd meddwl a lles Gogledd Cymru?<\/span><\/p>\n<p>[\/et_pb_text][\/et_pb_column][\/et_pb_row][et_pb_row _builder_version=&#8221;4.22.0&#8243; _module_preset=&#8221;default&#8221; global_colors_info=&#8221;{}&#8221;][et_pb_column type=&#8221;4_4&#8243; _builder_version=&#8221;4.22.0&#8243; _module_preset=&#8221;default&#8221; global_colors_info=&#8221;{}&#8221;][et_pb_cta title=&#8221;Ymunwch \u00e2 ni yn Caniad &#8211; gadewch i&apos;ch profiad arwain y ffordd.&#8221; button_url=&#8221;https:\/\/caniad.org.uk\/cy\/cymerwch-ran\/&#8221; button_text=&#8221;Ymunwch \u00e2 ni heddiw&#8221; _builder_version=&#8221;4.22.0&#8243; _module_preset=&#8221;default&#8221; link_option_url=&#8221;https:\/\/caniad.org.uk\/cy\/cymerwch-ran\/&#8221; hover_enabled=&#8221;0&#8243; global_colors_info=&#8221;{}&#8221; background_color=&#8221;#aa3d3c&#8221; custom_button=&#8221;on&#8221; button_bg_color=&#8221;#ffeaab&#8221; button_bg_enable_color=&#8221;on&#8221; button_text_color=&#8221;#000000&#8243; sticky_enabled=&#8221;0&#8243;][\/et_pb_cta][\/et_pb_column][\/et_pb_row][\/et_pb_section]<\/p>\n","protected":false},"excerpt":{"rendered":"<p>Mae persbectif unigryw gwasanaethau cymunedol yn rhoi lefel o fanylion i ni sy&#8217;n gallu ail-lunio sylfaen ein systemau cymorth.  <\/p>\n","protected":false},"author":2,"featured_media":0,"parent":0,"menu_order":0,"comment_status":"closed","ping_status":"closed","template":"","meta":{"_et_pb_use_builder":"on","_et_pb_old_content":"","_et_gb_content_width":"","om_disable_all_campaigns":false,"_monsterinsights_skip_tracking":false,"_monsterinsights_sitenote_active":false,"_monsterinsights_sitenote_note":"","_monsterinsights_sitenote_category":0,"footnotes":""},"class_list":["post-253220","page","type-page","status-publish","hentry"],"yoast_head":"<!-- This site is optimized with the Yoast SEO plugin v27.3 - https:\/\/yoast.com\/product\/yoast-seo-wordpress\/ -->\n<title>Pwy sy&#039;n ddefnyddiwr gwasanaeth caniad - Caniad<\/title>\n<meta name=\"description\" content=\"Mae persbectif unigryw gwasanaethau cymunedol yn rhoi lefel o fanylion i ni sy&#039;n gallu ail-lunio sylfaen ein systemau cymorth.\" \/>\n<meta name=\"robots\" content=\"index, follow, max-snippet:-1, max-image-preview:large, max-video-preview:-1\" \/>\n<link rel=\"canonical\" href=\"https:\/\/caniad.org.uk\/cy\/pwy-syn-ddefnyddiwr-gwasanaeth-caniad\/\" \/>\n<meta property=\"og:locale\" content=\"cy_GB\" \/>\n<meta property=\"og:type\" content=\"article\" \/>\n<meta property=\"og:title\" content=\"Pwy sy&#039;n ddefnyddiwr gwasanaeth caniad - Caniad\" \/>\n<meta property=\"og:description\" content=\"Mae persbectif unigryw gwasanaethau cymunedol yn rhoi lefel o fanylion i ni sy&#039;n gallu ail-lunio sylfaen ein systemau cymorth.\" \/>\n<meta property=\"og:url\" content=\"https:\/\/caniad.org.uk\/cy\/pwy-syn-ddefnyddiwr-gwasanaeth-caniad\/\" \/>\n<meta property=\"og:site_name\" content=\"Caniad\" \/>\n<meta property=\"article:modified_time\" content=\"2023-10-15T20:04:13+00:00\" \/>\n<meta name=\"twitter:card\" content=\"summary_large_image\" \/>\n<meta name=\"twitter:label1\" content=\"Est. reading time\" \/>\n\t<meta name=\"twitter:data1\" content=\"8 minutes\" \/>\n<script type=\"application\/ld+json\" class=\"yoast-schema-graph\">{\"@context\":\"https:\\\/\\\/schema.org\",\"@graph\":[{\"@type\":\"WebPage\",\"@id\":\"https:\\\/\\\/caniad.org.uk\\\/cy\\\/pwy-syn-ddefnyddiwr-gwasanaeth-caniad\\\/\",\"url\":\"https:\\\/\\\/caniad.org.uk\\\/cy\\\/pwy-syn-ddefnyddiwr-gwasanaeth-caniad\\\/\",\"name\":\"Pwy sy'n ddefnyddiwr gwasanaeth caniad - Caniad\",\"isPartOf\":{\"@id\":\"https:\\\/\\\/caniad.org.uk\\\/cy\\\/#website\"},\"datePublished\":\"2023-05-30T14:01:30+00:00\",\"dateModified\":\"2023-10-15T20:04:13+00:00\",\"description\":\"Mae persbectif unigryw gwasanaethau cymunedol yn rhoi lefel o fanylion i ni sy'n gallu ail-lunio sylfaen ein systemau cymorth.\",\"breadcrumb\":{\"@id\":\"https:\\\/\\\/caniad.org.uk\\\/cy\\\/pwy-syn-ddefnyddiwr-gwasanaeth-caniad\\\/#breadcrumb\"},\"inLanguage\":\"cy-GB\",\"potentialAction\":[{\"@type\":\"ReadAction\",\"target\":[\"https:\\\/\\\/caniad.org.uk\\\/cy\\\/pwy-syn-ddefnyddiwr-gwasanaeth-caniad\\\/\"]}]},{\"@type\":\"BreadcrumbList\",\"@id\":\"https:\\\/\\\/caniad.org.uk\\\/cy\\\/pwy-syn-ddefnyddiwr-gwasanaeth-caniad\\\/#breadcrumb\",\"itemListElement\":[{\"@type\":\"ListItem\",\"position\":1,\"name\":\"Home\",\"item\":\"https:\\\/\\\/caniad.org.uk\\\/cy\\\/cartref\\\/\"},{\"@type\":\"ListItem\",\"position\":2,\"name\":\"Pwy sy&#8217;n ddefnyddiwr gwasanaeth caniad\"}]},{\"@type\":\"WebSite\",\"@id\":\"https:\\\/\\\/caniad.org.uk\\\/cy\\\/#website\",\"url\":\"https:\\\/\\\/caniad.org.uk\\\/cy\\\/\",\"name\":\"Caniad\",\"description\":\"Caniad North Wales Reform Services\",\"potentialAction\":[{\"@type\":\"SearchAction\",\"target\":{\"@type\":\"EntryPoint\",\"urlTemplate\":\"https:\\\/\\\/caniad.org.uk\\\/cy\\\/?s={search_term_string}\"},\"query-input\":{\"@type\":\"PropertyValueSpecification\",\"valueRequired\":true,\"valueName\":\"search_term_string\"}}],\"inLanguage\":\"cy-GB\"}]}<\/script>\n<!-- \/ Yoast SEO plugin. -->","yoast_head_json":{"title":"Pwy sy'n ddefnyddiwr gwasanaeth caniad - Caniad","description":"Mae persbectif unigryw gwasanaethau cymunedol yn rhoi lefel o fanylion i ni sy'n gallu ail-lunio sylfaen ein systemau cymorth.","robots":{"index":"index","follow":"follow","max-snippet":"max-snippet:-1","max-image-preview":"max-image-preview:large","max-video-preview":"max-video-preview:-1"},"canonical":"https:\/\/caniad.org.uk\/cy\/pwy-syn-ddefnyddiwr-gwasanaeth-caniad\/","og_locale":"cy_GB","og_type":"article","og_title":"Pwy sy'n ddefnyddiwr gwasanaeth caniad - Caniad","og_description":"Mae persbectif unigryw gwasanaethau cymunedol yn rhoi lefel o fanylion i ni sy'n gallu ail-lunio sylfaen ein systemau cymorth.","og_url":"https:\/\/caniad.org.uk\/cy\/pwy-syn-ddefnyddiwr-gwasanaeth-caniad\/","og_site_name":"Caniad","article_modified_time":"2023-10-15T20:04:13+00:00","twitter_card":"summary_large_image","twitter_misc":{"Est. reading time":"8 minutes"},"schema":{"@context":"https:\/\/schema.org","@graph":[{"@type":"WebPage","@id":"https:\/\/caniad.org.uk\/cy\/pwy-syn-ddefnyddiwr-gwasanaeth-caniad\/","url":"https:\/\/caniad.org.uk\/cy\/pwy-syn-ddefnyddiwr-gwasanaeth-caniad\/","name":"Pwy sy'n ddefnyddiwr gwasanaeth caniad - Caniad","isPartOf":{"@id":"https:\/\/caniad.org.uk\/cy\/#website"},"datePublished":"2023-05-30T14:01:30+00:00","dateModified":"2023-10-15T20:04:13+00:00","description":"Mae persbectif unigryw gwasanaethau cymunedol yn rhoi lefel o fanylion i ni sy'n gallu ail-lunio sylfaen ein systemau cymorth.","breadcrumb":{"@id":"https:\/\/caniad.org.uk\/cy\/pwy-syn-ddefnyddiwr-gwasanaeth-caniad\/#breadcrumb"},"inLanguage":"cy-GB","potentialAction":[{"@type":"ReadAction","target":["https:\/\/caniad.org.uk\/cy\/pwy-syn-ddefnyddiwr-gwasanaeth-caniad\/"]}]},{"@type":"BreadcrumbList","@id":"https:\/\/caniad.org.uk\/cy\/pwy-syn-ddefnyddiwr-gwasanaeth-caniad\/#breadcrumb","itemListElement":[{"@type":"ListItem","position":1,"name":"Home","item":"https:\/\/caniad.org.uk\/cy\/cartref\/"},{"@type":"ListItem","position":2,"name":"Pwy sy&#8217;n ddefnyddiwr gwasanaeth caniad"}]},{"@type":"WebSite","@id":"https:\/\/caniad.org.uk\/cy\/#website","url":"https:\/\/caniad.org.uk\/cy\/","name":"Caniad","description":"Caniad North Wales Reform Services","potentialAction":[{"@type":"SearchAction","target":{"@type":"EntryPoint","urlTemplate":"https:\/\/caniad.org.uk\/cy\/?s={search_term_string}"},"query-input":{"@type":"PropertyValueSpecification","valueRequired":true,"valueName":"search_term_string"}}],"inLanguage":"cy-GB"}]}},"_links":{"self":[{"href":"https:\/\/caniad.org.uk\/cy\/wp-json\/wp\/v2\/pages\/253220","targetHints":{"allow":["GET"]}}],"collection":[{"href":"https:\/\/caniad.org.uk\/cy\/wp-json\/wp\/v2\/pages"}],"about":[{"href":"https:\/\/caniad.org.uk\/cy\/wp-json\/wp\/v2\/types\/page"}],"author":[{"embeddable":true,"href":"https:\/\/caniad.org.uk\/cy\/wp-json\/wp\/v2\/users\/2"}],"replies":[{"embeddable":true,"href":"https:\/\/caniad.org.uk\/cy\/wp-json\/wp\/v2\/comments?post=253220"}],"version-history":[{"count":29,"href":"https:\/\/caniad.org.uk\/cy\/wp-json\/wp\/v2\/pages\/253220\/revisions"}],"predecessor-version":[{"id":255570,"href":"https:\/\/caniad.org.uk\/cy\/wp-json\/wp\/v2\/pages\/253220\/revisions\/255570"}],"wp:attachment":[{"href":"https:\/\/caniad.org.uk\/cy\/wp-json\/wp\/v2\/media?parent=253220"}],"curies":[{"name":"wp","href":"https:\/\/api.w.org\/{rel}","templated":true}]}}