{"id":253845,"date":"2023-07-06T22:16:52","date_gmt":"2023-07-06T22:16:52","guid":{"rendered":"https:\/\/caniad.org.uk\/cwrdd-ar-tim\/"},"modified":"2024-06-24T13:15:05","modified_gmt":"2024-06-24T13:15:05","slug":"cwrdd-ar-tim","status":"publish","type":"page","link":"https:\/\/caniad.org.uk\/cy\/cwrdd-ar-tim\/","title":{"rendered":"Cwrdd \u00e2&#8217;r T\u00eem"},"content":{"rendered":"<p>[et_pb_section fb_built=&#8221;1&#8243; _builder_version=&#8221;4.21.0&#8243; _module_preset=&#8221;default&#8221; background_color=&#8221;#efebf6&#8243; locked=&#8221;off&#8221; global_colors_info=&#8221;{}&#8221;][et_pb_row column_structure=&#8221;1_2,1_2&#8243; _builder_version=&#8221;4.21.2&#8243; _module_preset=&#8221;default&#8221; global_colors_info=&#8221;{}&#8221;][et_pb_column type=&#8221;1_2&#8243; _builder_version=&#8221;4.21.0&#8243; _module_preset=&#8221;default&#8221; global_colors_info=&#8221;{}&#8221;][et_pb_text _builder_version=&#8221;4.21.0&#8243; _module_preset=&#8221;default&#8221; global_colors_info=&#8221;{}&#8221;]<\/p>\n<h1 style=\"text-align: center;\"><span style=\"color: #595696;\"><strong>Cwrdd \u00e2&#8217;r T\u00eem<br \/><\/strong><\/span><\/h1>\n<p><span style=\"color: #595696;\"><strong><\/strong><\/span><\/p>\n<p style=\"text-align: justify;\"><span style=\"color: #000000; font-size: large;\">Darganfyddwch ein t\u00eem ymroddedig yng Nghaniad: Wedi ymrwymo i gyflawni rhagoriaeth. Dewch i adnabod aelodau ein t\u00eem eithriadol a chael mewnwelediad i&#8217;w rolau annatod yn ein cwmni uchel ei barch.<\/span><\/p>\n<p>[\/et_pb_text][\/et_pb_column][et_pb_column type=&#8221;1_2&#8243; _builder_version=&#8221;4.21.0&#8243; _module_preset=&#8221;default&#8221; global_colors_info=&#8221;{}&#8221;][et_pb_image src=&#8221;https:\/\/mll9pdh6mcgz.i.optimole.com\/w:auto\/h:auto\/q:mauto\/f:best\/https:\/\/caniad.org.uk\/wp-content\/uploads\/2023\/08\/meet-the-teams-page.png&#8221; alt=&#8221;Cwrdd \u00e2&apos;r Teams Icon&#8221; title_text=&#8221;Cwrdd \u00e2&apos;r Teams Icon&#8221; _builder_version=&#8221;4.21.2&#8243; _module_preset=&#8221;default&#8221; global_colors_info=&#8221;{}&#8221;][\/et_pb_image][\/et_pb_column][\/et_pb_row][\/et_pb_section][et_pb_section fb_built=&#8221;1&#8243; _builder_version=&#8221;4.22.1&#8243; _module_preset=&#8221;default&#8221; global_colors_info=&#8221;{}&#8221;][et_pb_row _builder_version=&#8221;4.22.1&#8243; _module_preset=&#8221;default&#8221; global_colors_info=&#8221;{}&#8221;][et_pb_column type=&#8221;4_4&#8243; _builder_version=&#8221;4.22.1&#8243; _module_preset=&#8221;default&#8221; global_colors_info=&#8221;{}&#8221;][et_pb_text _builder_version=&#8221;4.22.1&#8243; _module_preset=&#8221;default&#8221; custom_padding=&#8221;||10px|||&#8221; global_colors_info=&#8221;{}&#8221;]<\/p>\n<h2><strong><span style=\"color: #595696;\">Ein T\u00eem<\/span><\/strong><\/h2>\n<p>[\/et_pb_text][\/et_pb_column][\/et_pb_row][et_pb_row column_structure=&#8221;1_6,1_6,1_6,1_6,1_6,1_6&#8243; _builder_version=&#8221;4.22.1&#8243; _module_preset=&#8221;default&#8221; global_colors_info=&#8221;{}&#8221;][et_pb_column type=&#8221;1_6&#8243; _builder_version=&#8221;4.22.1&#8243; _module_preset=&#8221;default&#8221; global_colors_info=&#8221;{}&#8221;][et_pb_team_member name=&#8221;Claire yn ymuno&#8221; position=&#8221;Rheolwr Gwasanaeth&#8221; image_url=&#8221;https:\/\/mll9pdh6mcgz.i.optimole.com\/w:auto\/h:auto\/q:mauto\/f:best\/https:\/\/caniad.org.uk\/wp-content\/uploads\/2023\/08\/CLAIRE-JONES.jpg&#8221; _builder_version=&#8221;4.22.1&#8243; _module_preset=&#8221;default&#8221; header_text_color=&#8221;#595696&#8243; position_text_color=&#8221;#000000&#8243; global_colors_info=&#8221;{}&#8221;]<\/p>\n<p><span style=\"color: #000000;\"><\/span><\/p>\n<p><span style=\"color: #000000;\">Mae&#8217;r Rheolwr Gwasanaeth yn goruchwylio ochr strategol gwasanaeth Caniad.  <\/span><\/p>\n<p>[\/et_pb_team_member][\/et_pb_column][et_pb_column type=&#8221;1_6&#8243; _builder_version=&#8221;4.22.1&#8243; _module_preset=&#8221;default&#8221; global_colors_info=&#8221;{}&#8221;][et_pb_team_member name=&#8221;Carlie Hughes-Lloyd&#8221; position=&#8221;Arweinydd T\u00eem Iechyd Meddwl&#8221; _builder_version=&#8221;4.23.1&#8243; _module_preset=&#8221;default&#8221; header_text_color=&#8221;#595696&#8243; position_text_color=&#8221;#000000&#8243; locked=&#8221;off&#8221; global_colors_info=&#8221;{}&#8221;]<\/p>\n<div class=\"x_elementToProof\">Helo, Carlie ydw i, Arweinydd T\u00eem Iechyd Meddwl newydd Wrecsam a Sir y Fflint. Mae&#8217;r rhan fwyaf o fy mhrofiad yn ymwneud \u00e2 gweithio gyda phobl ifanc yn y coleg sy&#8217;n cael trafferth gydag iechyd meddwl gwael.  <\/div>\n<div>Yn fy amser rhydd, rwy\u2019n mwynhau padlfyrddio a gwneud celf a chrefft, sy\u2019n fy helpu i aros yn actif a chreadigol. Mae\u2019r hob\u00efau hyn hefyd yn rhoi cydbwysedd gwych i fy mywyd proffesiynol, gan ganiat\u00e1u i mi ail-godi a chynnal fy lles meddyliol fy hun.<\/div>\n<div class=\"x_elementToProof\">Rwy&#8217;n gyffrous i gamu i&#8217;r r\u00f4l newydd hon ac edrychaf ymlaen at fynd allan i&#8217;r gymuned i gael effaith gadarnhaol. Rwy&#8217;n ymroddedig i wella gwasanaethau iechyd meddwl yn Wrecsam a Sir y Fflint a chreu amgylchedd cefnogol i bawb.<\/div>\n<p>[\/et_pb_team_member][\/et_pb_column][et_pb_column type=&#8221;1_6&#8243; _builder_version=&#8221;4.23.1&#8243; _module_preset=&#8221;default&#8221; global_colors_info=&#8221;{}&#8221;][et_pb_team_member name=&#8221;Matthew Mosley&#8221; position=&#8221;Cydlynydd Central&#8221; image_url=&#8221;https:\/\/mll9pdh6mcgz.i.optimole.com\/w:auto\/h:auto\/q:mauto\/f:best\/https:\/\/caniad.org.uk\/wp-content\/uploads\/2023\/12\/Matt-coordinator-scaled.jpg&#8221; _builder_version=&#8221;4.23.1&#8243; _module_preset=&#8221;default&#8221; header_text_color=&#8221;#595696&#8243; position_text_color=&#8221;#000000&#8243; locked=&#8221;off&#8221; global_colors_info=&#8221;{}&#8221;]<\/p>\n<p>Helo, fy enw i yw Matthew, rwy&#8217;n unigolyn ymroddedig gydag angerdd am gefnogi eraill, byddaf yn canolbwyntio ar Gonwy a Sir Ddinbych (Canol), gan weithio i sicrhau bod lleisiau pobl yn cael eu clywed a&#8217;u gwerthfawrogi.<\/p>\n<p>Rwy&#8217;n gyffrous i gael effaith gadarnhaol.<\/p>\n<p>[\/et_pb_team_member][\/et_pb_column][et_pb_column type=&#8221;1_6&#8243; _builder_version=&#8221;4.22.2&#8243; _module_preset=&#8221;default&#8221; global_colors_info=&#8221;{}&#8221;][et_pb_team_member name=&#8221;Kay Wheeler&#8221; position=&#8221;Arweinydd T\u00eem Camddefnyddio Sylweddau&#8221; image_url=&#8221;https:\/\/mll9pdh6mcgz.i.optimole.com\/w:auto\/h:auto\/q:mauto\/f:best\/https:\/\/caniad.org.uk\/wp-content\/uploads\/2023\/12\/Kay-coordinator.jpg&#8221; _builder_version=&#8221;4.23.1&#8243; _module_preset=&#8221;default&#8221; header_text_color=&#8221;#595696&#8243; position_text_color=&#8221;#000000&#8243; locked=&#8221;off&#8221; global_colors_info=&#8221;{}&#8221;]<\/p>\n<p>Kay ydw i, yr Arweinydd T\u00eem Camddefnyddio Sylweddau newydd, Caniad. Rwy&#8217;n falch iawn o fod yn rhan o&#8217;r sefydliad hwn a chael y cyfle i wella bywydau&#8217;r rhai yr effeithir arnynt gan gamddefnyddio sylweddau. Rwy&#8217;n arbennig o angerddol am estyn allan at unigolion mewn ardaloedd mwy gwledig lle mae mynediad at wasanaethau o bosibl yn gyfyngedig.<\/p>\n<p>Yn fy amser rhydd, rwy\u2019n mwynhau archwilio cefn gwlad hardd Cymru a chrefftau ffibr.<\/p>\n<p>[\/et_pb_team_member][\/et_pb_column][et_pb_column type=&#8221;1_6&#8243; _builder_version=&#8221;4.22.1&#8243; _module_preset=&#8221;default&#8221; global_colors_info=&#8221;{}&#8221;][et_pb_team_member name=&#8221;Mhairi Allardice&#8221; position=&#8221;Cydlynydd Gorllewin&#8221; _builder_version=&#8221;4.23.1&#8243; _module_preset=&#8221;default&#8221; header_text_color=&#8221;#595696&#8243; position_text_color=&#8221;#000000&#8243; locked=&#8221;off&#8221; global_colors_info=&#8221;{}&#8221;]<\/p>\n<p>Fy enw i yw Mhairi, peidiwch \u00e2 phoeni am yr ynganiad, byddaf yn ateb i unrhyw beth! Rwy&#8217;n un o Gydlynwyr newydd y Caniad a byddaf yn gwasanaethu&#8217;r Gorllewin. Mae\u2019r rhan fwyaf o fy mhrofiad gyda chynghori a mentora, ond rydw i\u2019n gyffrous am antur newydd a chlywed am brofiadau pawb; da a drwg. Rwy&#8217;n edrych ymlaen at gwrdd \u00e2 chymaint o bobl newydd a&#8217;ch helpu chi i gyd i gael eich lleisiau wedi&#8217;u clywed!<\/p>\n<p>[\/et_pb_team_member][\/et_pb_column][et_pb_column type=&#8221;1_6&#8243; _builder_version=&#8221;4.22.1&#8243; _module_preset=&#8221;default&#8221; global_colors_info=&#8221;{}&#8221;][et_pb_team_member name=&#8221;Mel Williams&#8221; position=&#8221;Cydlynydd Dwyrain&#8221; image_url=&#8221;https:\/\/mll9pdh6mcgz.i.optimole.com\/w:auto\/h:auto\/q:mauto\/f:best\/https:\/\/caniad.org.uk\/wp-content\/uploads\/2023\/08\/Mel-Williams.jpg&#8221; _builder_version=&#8221;4.23.1&#8243; _module_preset=&#8221;default&#8221; header_text_color=&#8221;#595696&#8243; position_text_color=&#8221;#000000&#8243; locked=&#8221;off&#8221; global_colors_info=&#8221;{}&#8221;]<\/p>\n<p>Helo fy enw i yw Mel ac rwyf wedi bod yn gydlynydd Caniad ers dros 5 mlynedd bellach. Rwyf wedi byw profiad ac mae gennyf ffrindiau agos a theulu sydd wedi cael eu heffeithio gan gamddefnyddio sylweddau ac iechyd meddwl. Mae gen i lawer o brofiad o weithio gyda defnyddwyr gwasanaeth yn Wrecsam a gallwch ddod o hyd i mi yn fy ngalw i mewn ym Myddin yr Iachawdwriaeth, Sgyrsiau Mawr yn Melyn a Glas neu ffoniwch i D\u0177&#8217;r Pencampwyr am sgwrs. Yn ddiweddar, rwyf wedi sefydlu gr\u0175p cymorth &#8216;Reach and Connect&#8217; i ddefnyddwyr gwasanaethau rannu eu profiadau mewn gr\u0175p diogel a chefnogol. Os hoffech wybod mwy yna cysylltwch \u00e2 ni, byddwn yn fwy na pharod i&#8217;ch helpu.<\/p>\n<p>[\/et_pb_team_member][\/et_pb_column][\/et_pb_row][\/et_pb_section][et_pb_section fb_built=&#8221;1&#8243; _builder_version=&#8221;4.21.0&#8243; _module_preset=&#8221;default&#8221; background_enable_color=&#8221;off&#8221; custom_padding=&#8221;5px|||||&#8221; global_colors_info=&#8221;{}&#8221;][et_pb_row _builder_version=&#8221;4.21.0&#8243; _module_preset=&#8221;default&#8221; global_colors_info=&#8221;{}&#8221;][et_pb_column type=&#8221;4_4&#8243; _builder_version=&#8221;4.21.0&#8243; _module_preset=&#8221;default&#8221; background_color=&#8221;#595696&#8243; custom_padding=&#8221;50px|40px|50px|40px|true|true&#8221; global_colors_info=&#8221;{}&#8221;][et_pb_text _builder_version=&#8221;4.21.0&#8243; _module_preset=&#8221;default&#8221; global_colors_info=&#8221;{}&#8221;]<\/p>\n<h2><strong><span style=\"color: #ffffff;\">Cydlynwyr<br \/><\/span><\/strong><\/h2>\n<p><strong><span style=\"color: #ffffff;\"><\/span><\/strong><\/p>\n<div><span style=\"color: #ffffff;\">Mae cydlynwyr Caniad wedi\u2019u lleoli mewn gwahanol leoliadau ar draws Gogledd Cymru, maent yn gyfrifol am annog a chefnogi unigolion sy\u2019n defnyddio gwasanaethau camddefnyddio sylweddau, iechyd meddwl neu wasanaethau sy\u2019n cyd-ddigwydd i ymuno \u00e2 Caniad, i rannu eu barn a\u2019u profiadau a chyfrannu at gynllunio, dylunio a darparu. , monitro a gwerthuso&#8217;r gwasanaethau a g\u00e2nt.  <\/span><\/div>\n<p>[\/et_pb_text][\/et_pb_column][\/et_pb_row][et_pb_row _builder_version=&#8221;4.22.1&#8243; _module_preset=&#8221;default&#8221; locked=&#8221;off&#8221; global_colors_info=&#8221;{}&#8221;][et_pb_column type=&#8221;4_4&#8243; _builder_version=&#8221;4.22.1&#8243; _module_preset=&#8221;default&#8221; global_colors_info=&#8221;{}&#8221;][et_pb_text _builder_version=&#8221;4.22.1&#8243; _module_preset=&#8221;default&#8221; custom_padding=&#8221;||10px|||&#8221; global_colors_info=&#8221;{}&#8221;]<\/p>\n<h2><strong><span style=\"color: #595696;\">Mwy i ddod&#8230;<\/span><\/strong><\/h2>\n<p>[\/et_pb_text][\/et_pb_column][\/et_pb_row][et_pb_row column_structure=&#8221;1_6,1_6,1_6,1_6,1_6,1_6&#8243; _builder_version=&#8221;4.22.1&#8243; _module_preset=&#8221;default&#8221; locked=&#8221;off&#8221; global_colors_info=&#8221;{}&#8221;][et_pb_column type=&#8221;1_6&#8243; _builder_version=&#8221;4.22.1&#8243; _module_preset=&#8221;default&#8221; global_colors_info=&#8221;{}&#8221;][et_pb_team_member name=&#8221;Cydgysylltydd Iechyd Meddwl Canolog&#8221; image_url=&#8221;https:\/\/mll9pdh6mcgz.i.optimole.com\/w:auto\/h:auto\/q:mauto\/f:best\/https:\/\/caniad.org.uk\/wp-content\/uploads\/2023\/08\/meet-the-teams-page.png&#8221; _builder_version=&#8221;4.22.1&#8243; _module_preset=&#8221;default&#8221; header_text_color=&#8221;#595696&#8243; position_text_color=&#8221;#000000&#8243; text_orientation=&#8221;center&#8221; global_colors_info=&#8221;{}&#8221;]<\/p>\n<p><span style=\"color: #000000;\"><\/span><\/p>\n<p><span style=\"color: #000000;\"> <\/span><\/p>\n<p>[\/et_pb_team_member][\/et_pb_column][et_pb_column type=&#8221;1_6&#8243; _builder_version=&#8221;4.22.2&#8243; _module_preset=&#8221;default&#8221; global_colors_info=&#8221;{}&#8221;][et_pb_team_member name=&#8221;Arweinydd T\u00eem Iechyd Meddwl y Dwyrain&#8221; image_url=&#8221;https:\/\/mll9pdh6mcgz.i.optimole.com\/w:auto\/h:auto\/q:mauto\/f:best\/https:\/\/caniad.org.uk\/wp-content\/uploads\/2023\/08\/meet-the-teams-page.png&#8221; _builder_version=&#8221;4.22.1&#8243; _module_preset=&#8221;default&#8221; header_text_color=&#8221;#595696&#8243; position_text_color=&#8221;#000000&#8243; text_orientation=&#8221;center&#8221; global_colors_info=&#8221;{}&#8221;]<\/p>\n<p><span style=\"color: #000000;\"><\/span><\/p>\n<p><span style=\"color: #000000;\"> <\/span><\/p>\n<p>[\/et_pb_team_member][\/et_pb_column][et_pb_column type=&#8221;1_6&#8243; _builder_version=&#8221;4.22.1&#8243; _module_preset=&#8221;default&#8221; global_colors_info=&#8221;{}&#8221;][et_pb_team_member name=&#8221;Cydgysylltydd Camddefnyddio Sylweddau y Dwyrain&#8221; image_url=&#8221;https:\/\/mll9pdh6mcgz.i.optimole.com\/w:auto\/h:auto\/q:mauto\/f:best\/https:\/\/caniad.org.uk\/wp-content\/uploads\/2023\/08\/meet-the-teams-page.png&#8221; _builder_version=&#8221;4.22.1&#8243; _module_preset=&#8221;default&#8221; header_text_color=&#8221;#595696&#8243; position_text_color=&#8221;#000000&#8243; text_orientation=&#8221;center&#8221; global_colors_info=&#8221;{}&#8221;]<\/p>\n<p><span style=\"color: #000000;\"><\/span><\/p>\n<p><span style=\"color: #000000;\"> <\/span><\/p>\n<p>[\/et_pb_team_member][\/et_pb_column][et_pb_column type=&#8221;1_6&#8243; _builder_version=&#8221;4.22.1&#8243; _module_preset=&#8221;default&#8221; global_colors_info=&#8221;{}&#8221;][et_pb_team_member name=&#8221;Gwirfoddolwr Iechyd Meddwl&#8221; image_url=&#8221;https:\/\/mll9pdh6mcgz.i.optimole.com\/w:auto\/h:auto\/q:mauto\/f:best\/https:\/\/caniad.org.uk\/wp-content\/uploads\/2023\/08\/meet-the-teams-page.png&#8221; _builder_version=&#8221;4.22.1&#8243; _module_preset=&#8221;default&#8221; header_text_color=&#8221;#595696&#8243; position_text_color=&#8221;#000000&#8243; text_orientation=&#8221;center&#8221; global_colors_info=&#8221;{}&#8221;]<\/p>\n<p><span style=\"color: #000000;\"><\/span><\/p>\n<p><span style=\"color: #000000;\"> <\/span><\/p>\n<p>[\/et_pb_team_member][\/et_pb_column][et_pb_column type=&#8221;1_6&#8243; _builder_version=&#8221;4.22.1&#8243; _module_preset=&#8221;default&#8221; global_colors_info=&#8221;{}&#8221;][et_pb_team_member name=&#8221;Gwirfoddolwr Camddefnyddio Sylweddau&#8221; image_url=&#8221;https:\/\/mll9pdh6mcgz.i.optimole.com\/w:auto\/h:auto\/q:mauto\/f:best\/https:\/\/caniad.org.uk\/wp-content\/uploads\/2023\/08\/meet-the-teams-page.png&#8221; _builder_version=&#8221;4.22.1&#8243; _module_preset=&#8221;default&#8221; header_text_color=&#8221;#595696&#8243; position_text_color=&#8221;#000000&#8243; text_orientation=&#8221;center&#8221; global_colors_info=&#8221;{}&#8221;]<\/p>\n<p><span style=\"color: #000000;\"><\/span><\/p>\n<p><span style=\"color: #000000;\"> <\/span><\/p>\n<p>[\/et_pb_team_member][\/et_pb_column][et_pb_column type=&#8221;1_6&#8243; _builder_version=&#8221;4.22.1&#8243; _module_preset=&#8221;default&#8221; global_colors_info=&#8221;{}&#8221;][\/et_pb_column][\/et_pb_row][et_pb_row _builder_version=&#8221;4.22.1&#8243; _module_preset=&#8221;default&#8221; global_colors_info=&#8221;{}&#8221;][et_pb_column type=&#8221;4_4&#8243; _builder_version=&#8221;4.22.1&#8243; _module_preset=&#8221;default&#8221; global_colors_info=&#8221;{}&#8221;][et_pb_cta title=&#8221;Oes gennych chi ddiddordeb mewn bod ar wah\u00e2n i&apos;n t\u00eem?&#8221; button_url=&#8221;https:\/\/caniad.org.uk\/cy\/cysylltwch\/&#8221; button_text=&#8221;Cysylltwch \u00e2 ni&#8221; _builder_version=&#8221;4.22.1&#8243; _module_preset=&#8221;default&#8221; background_color=&#8221;#aa3d3c&#8221; custom_button=&#8221;on&#8221; button_text_color=&#8221;#000000&#8243; button_bg_color=&#8221;#ffeaab&#8221; link_option_url=&#8221;https:\/\/caniad.org.uk\/cy\/cysylltwch\/&#8221; locked=&#8221;off&#8221; global_colors_info=&#8221;{}&#8221;][\/et_pb_cta][\/et_pb_column][\/et_pb_row][\/et_pb_section]<\/p>\n","protected":false},"excerpt":{"rendered":"<p>Cwrdd \u00e2&#8217;r T\u00eem Darganfyddwch ein t\u00eem ymroddedig yng Nghaniad: Wedi ymrwymo i gyflawni rhagoriaeth. Dewch i adnabod aelodau ein t\u00eem eithriadol a chael mewnwelediad i&#8217;w rolau annatod yn ein cwmni [&hellip;]<\/p>\n","protected":false},"author":2,"featured_media":0,"parent":0,"menu_order":0,"comment_status":"closed","ping_status":"closed","template":"","meta":{"_et_pb_use_builder":"on","_et_pb_old_content":"","_et_gb_content_width":"","om_disable_all_campaigns":false,"_monsterinsights_skip_tracking":false,"_monsterinsights_sitenote_active":false,"_monsterinsights_sitenote_note":"","_monsterinsights_sitenote_category":0,"footnotes":""},"class_list":["post-253845","page","type-page","status-publish","hentry"],"yoast_head":"<!-- This site is optimized with the Yoast SEO plugin v27.2 - https:\/\/yoast.com\/product\/yoast-seo-wordpress\/ -->\n<title>Cwrdd \u00e2&#039;r T\u00eem - Caniad<\/title>\n<meta name=\"robots\" content=\"index, follow, max-snippet:-1, max-image-preview:large, max-video-preview:-1\" \/>\n<link rel=\"canonical\" href=\"https:\/\/caniad.org.uk\/cy\/cwrdd-ar-tim\/\" \/>\n<meta property=\"og:locale\" content=\"cy_GB\" \/>\n<meta property=\"og:type\" content=\"article\" \/>\n<meta property=\"og:title\" content=\"Cwrdd \u00e2&#039;r T\u00eem - Caniad\" \/>\n<meta property=\"og:url\" content=\"https:\/\/caniad.org.uk\/cy\/cwrdd-ar-tim\/\" \/>\n<meta property=\"og:site_name\" content=\"Caniad\" \/>\n<meta property=\"article:modified_time\" content=\"2024-06-24T13:15:05+00:00\" \/>\n<meta name=\"twitter:card\" content=\"summary_large_image\" \/>\n<meta name=\"twitter:label1\" content=\"Est. reading time\" \/>\n\t<meta name=\"twitter:data1\" content=\"8 minutes\" \/>\n<script type=\"application\/ld+json\" class=\"yoast-schema-graph\">{\"@context\":\"https:\/\/schema.org\",\"@graph\":[{\"@type\":\"WebPage\",\"@id\":\"https:\/\/caniad.org.uk\/cy\/cwrdd-ar-tim\/\",\"url\":\"https:\/\/caniad.org.uk\/cy\/cwrdd-ar-tim\/\",\"name\":\"Cwrdd \u00e2'r T\u00eem - Caniad\",\"isPartOf\":{\"@id\":\"https:\/\/caniad.org.uk\/cy\/#website\"},\"datePublished\":\"2023-07-06T22:16:52+00:00\",\"dateModified\":\"2024-06-24T13:15:05+00:00\",\"breadcrumb\":{\"@id\":\"https:\/\/caniad.org.uk\/cy\/cwrdd-ar-tim\/#breadcrumb\"},\"inLanguage\":\"cy-GB\",\"potentialAction\":[{\"@type\":\"ReadAction\",\"target\":[\"https:\/\/caniad.org.uk\/cy\/cwrdd-ar-tim\/\"]}]},{\"@type\":\"BreadcrumbList\",\"@id\":\"https:\/\/caniad.org.uk\/cy\/cwrdd-ar-tim\/#breadcrumb\",\"itemListElement\":[{\"@type\":\"ListItem\",\"position\":1,\"name\":\"Home\",\"item\":\"https:\/\/caniad.org.uk\/cy\/cartref\/\"},{\"@type\":\"ListItem\",\"position\":2,\"name\":\"Cwrdd \u00e2&#8217;r T\u00eem\"}]},{\"@type\":\"WebSite\",\"@id\":\"https:\/\/caniad.org.uk\/cy\/#website\",\"url\":\"https:\/\/caniad.org.uk\/cy\/\",\"name\":\"Caniad\",\"description\":\"Caniad North Wales Reform Services\",\"potentialAction\":[{\"@type\":\"SearchAction\",\"target\":{\"@type\":\"EntryPoint\",\"urlTemplate\":\"https:\/\/caniad.org.uk\/cy\/?s={search_term_string}\"},\"query-input\":{\"@type\":\"PropertyValueSpecification\",\"valueRequired\":true,\"valueName\":\"search_term_string\"}}],\"inLanguage\":\"cy-GB\"}]}<\/script>\n<!-- \/ Yoast SEO plugin. -->","yoast_head_json":{"title":"Cwrdd \u00e2'r T\u00eem - Caniad","robots":{"index":"index","follow":"follow","max-snippet":"max-snippet:-1","max-image-preview":"max-image-preview:large","max-video-preview":"max-video-preview:-1"},"canonical":"https:\/\/caniad.org.uk\/cy\/cwrdd-ar-tim\/","og_locale":"cy_GB","og_type":"article","og_title":"Cwrdd \u00e2'r T\u00eem - Caniad","og_url":"https:\/\/caniad.org.uk\/cy\/cwrdd-ar-tim\/","og_site_name":"Caniad","article_modified_time":"2024-06-24T13:15:05+00:00","twitter_card":"summary_large_image","twitter_misc":{"Est. reading time":"8 minutes"},"schema":{"@context":"https:\/\/schema.org","@graph":[{"@type":"WebPage","@id":"https:\/\/caniad.org.uk\/cy\/cwrdd-ar-tim\/","url":"https:\/\/caniad.org.uk\/cy\/cwrdd-ar-tim\/","name":"Cwrdd \u00e2'r T\u00eem - Caniad","isPartOf":{"@id":"https:\/\/caniad.org.uk\/cy\/#website"},"datePublished":"2023-07-06T22:16:52+00:00","dateModified":"2024-06-24T13:15:05+00:00","breadcrumb":{"@id":"https:\/\/caniad.org.uk\/cy\/cwrdd-ar-tim\/#breadcrumb"},"inLanguage":"cy-GB","potentialAction":[{"@type":"ReadAction","target":["https:\/\/caniad.org.uk\/cy\/cwrdd-ar-tim\/"]}]},{"@type":"BreadcrumbList","@id":"https:\/\/caniad.org.uk\/cy\/cwrdd-ar-tim\/#breadcrumb","itemListElement":[{"@type":"ListItem","position":1,"name":"Home","item":"https:\/\/caniad.org.uk\/cy\/cartref\/"},{"@type":"ListItem","position":2,"name":"Cwrdd \u00e2&#8217;r T\u00eem"}]},{"@type":"WebSite","@id":"https:\/\/caniad.org.uk\/cy\/#website","url":"https:\/\/caniad.org.uk\/cy\/","name":"Caniad","description":"Caniad North Wales Reform Services","potentialAction":[{"@type":"SearchAction","target":{"@type":"EntryPoint","urlTemplate":"https:\/\/caniad.org.uk\/cy\/?s={search_term_string}"},"query-input":{"@type":"PropertyValueSpecification","valueRequired":true,"valueName":"search_term_string"}}],"inLanguage":"cy-GB"}]}},"_links":{"self":[{"href":"https:\/\/caniad.org.uk\/cy\/wp-json\/wp\/v2\/pages\/253845","targetHints":{"allow":["GET"]}}],"collection":[{"href":"https:\/\/caniad.org.uk\/cy\/wp-json\/wp\/v2\/pages"}],"about":[{"href":"https:\/\/caniad.org.uk\/cy\/wp-json\/wp\/v2\/types\/page"}],"author":[{"embeddable":true,"href":"https:\/\/caniad.org.uk\/cy\/wp-json\/wp\/v2\/users\/2"}],"replies":[{"embeddable":true,"href":"https:\/\/caniad.org.uk\/cy\/wp-json\/wp\/v2\/comments?post=253845"}],"version-history":[{"count":45,"href":"https:\/\/caniad.org.uk\/cy\/wp-json\/wp\/v2\/pages\/253845\/revisions"}],"predecessor-version":[{"id":256350,"href":"https:\/\/caniad.org.uk\/cy\/wp-json\/wp\/v2\/pages\/253845\/revisions\/256350"}],"wp:attachment":[{"href":"https:\/\/caniad.org.uk\/cy\/wp-json\/wp\/v2\/media?parent=253845"}],"curies":[{"name":"wp","href":"https:\/\/api.w.org\/{rel}","templated":true}]}}